{"id":2462,"date":"2024-10-05T14:07:33","date_gmt":"2024-10-05T14:07:33","guid":{"rendered":"https:\/\/westhill.al\/?page_id=2462"},"modified":"2024-11-05T15:04:48","modified_gmt":"2024-11-05T15:04:48","slug":"real-estate","status":"publish","type":"page","link":"https:\/\/westhill.al\/sq\/real-estate\/","title":{"rendered":"Pasuri t\u00eb paluajtshme"},"content":{"rendered":"<div data-elementor-type=\"wp-page\" data-elementor-id=\"2462\" class=\"elementor elementor-2462\">\n\t\t\t\t<div class=\"elementor-element elementor-element-d751617 e-con-full e-flex e-con e-parent\" data-id=\"d751617\" data-element_type=\"container\" data-e-type=\"container\" data-settings=\"{&quot;background_background&quot;:&quot;classic&quot;}\">\n\t\t\t\t<div class=\"elementor-element elementor-element-625e451 cs-animation-small-offset elementor-invisible elementor-widget elementor-widget-cs_title\" data-id=\"625e451\" data-element_type=\"widget\" data-e-type=\"widget\" data-settings=\"{&quot;_animation&quot;:&quot;fadeInDown&quot;}\" data-widget_type=\"cs_title.default\">\n\t\t\t\t<div class=\"elementor-widget-container\">\n\t\t\t\t\t\n        <div class=\"cs-title-wrap text-center\">\t            <h1 class=\"cs-title color-white\">\n\t                S\u00eb shpejti\t            <\/h1>\t            <div class=\"cs-title-text color-white\">\n\t                <p>M\u00eb shum\u00eb informacion do t\u00eb shpallet s\u00eb shpejti<\/p>\t            <\/div>                <div class=\"cs-title-btn\">\n                    <a class=\"button elementor-button-link\" role=\"button\" href=\"https:\/\/www.instagram.com\/westhill_dhermi?igsh=OWw0YXYzeWFkeGZv\">\n                        <span class=\"cs-btn-text\">Na ndiqni n\u00eb Instagram<\/span>                    <\/a>\n                <\/div>\n                    <\/div>\t\t\t\t<\/div>\n\t\t\t\t<\/div>\n\t\t\t\t<\/div>\n\t\t\t\t<\/div>","protected":false},"excerpt":{"rendered":"<p>Coming Soon More Information Will Be Announced Soon Follow Us on Instagram<\/p>","protected":false},"author":1,"featured_media":0,"parent":0,"menu_order":0,"comment_status":"closed","ping_status":"closed","template":"template-wide-content.php","meta":{"cozystay_single_page_hide_site_header":"","cozystay_single_page_site_header_source":"","cozystay_single_page_custom_site_header":"0","cozystay_single_page_custom_sticky_site_header":"0","cozystay_single_page_hide_page_title":"","cozystay_single_page_header_section_size":"","cozystay_single_page_header_background_color":"","cozystay_single_page_header_background_position_x":"center","cozystay_single_page_header_background_position_y":"center","cozystay_single_page_header_background_size":"cover","cozystay_single_page_header_background_repeat":"off","cozystay_single_page_header_background_scroll":"on","cozystay_single_page_header_text_color":"","cozystay_single_page_header_show_breadcrumb":"","cozystay_single_page_site_footer_hide_main":"","cozystay_single_custom_site_footer_main_source":"","cozystay_single_custom_site_footer_main":"0","cozystay_single_page_site_footer_hide_above":"","cozystay_single_custom_site_footer_above_source":"","cozystay_single_custom_site_footer_above":"0","cozystay_single_page_site_footer_hide_instagram":"","cozystay_single_page_site_footer_hide_bottom":"","cozystay_single_custom_mobile_menu_source":"","cozystay_single_custom_mobile_menu":"0","cozystay_single_custom_mobile_menu_animation":"","cozystay_single_custom_mobile_menu_width":"","cozystay_single_custom_mobile_menu_custom_width":375,"footnotes":""},"class_list":["post-2462","page","type-page","status-publish","hentry"],"yoast_head":"<!-- This site is optimized with the Yoast SEO plugin v27.3 - https:\/\/yoast.com\/product\/yoast-seo-wordpress\/ -->\n<title>Real Estate - West Hill<\/title>\n<meta name=\"robots\" content=\"index, follow, max-snippet:-1, max-image-preview:large, max-video-preview:-1\" \/>\n<link rel=\"canonical\" href=\"http:\/\/westhill.al\/sq\/real-estate\/\" \/>\n<meta property=\"og:locale\" content=\"sq_AL\" \/>\n<meta property=\"og:type\" content=\"article\" \/>\n<meta property=\"og:title\" content=\"Real Estate - West Hill\" \/>\n<meta property=\"og:description\" content=\"Coming Soon More Information Will Be Announced Soon Follow Us on Instagram\" \/>\n<meta property=\"og:url\" content=\"http:\/\/westhill.al\/sq\/real-estate\/\" \/>\n<meta property=\"og:site_name\" content=\"West Hill\" \/>\n<meta property=\"article:modified_time\" content=\"2024-11-05T15:04:48+00:00\" \/>\n<meta name=\"twitter:card\" content=\"summary_large_image\" \/>\n<meta name=\"twitter:label1\" content=\"Est. reading time\" \/>\n\t<meta name=\"twitter:data1\" content=\"1 minut\u00eb\" \/>\n<script type=\"application\/ld+json\" class=\"yoast-schema-graph\">{\"@context\":\"https:\\\/\\\/schema.org\",\"@graph\":[{\"@type\":\"WebPage\",\"@id\":\"http:\\\/\\\/westhill.al\\\/sq\\\/real-estate\\\/\",\"url\":\"http:\\\/\\\/westhill.al\\\/sq\\\/real-estate\\\/\",\"name\":\"Real Estate - West Hill\",\"isPartOf\":{\"@id\":\"https:\\\/\\\/westhill.al\\\/#website\"},\"datePublished\":\"2024-10-05T14:07:33+00:00\",\"dateModified\":\"2024-11-05T15:04:48+00:00\",\"breadcrumb\":{\"@id\":\"http:\\\/\\\/westhill.al\\\/sq\\\/real-estate\\\/#breadcrumb\"},\"inLanguage\":\"sq\",\"potentialAction\":[{\"@type\":\"ReadAction\",\"target\":[\"http:\\\/\\\/westhill.al\\\/sq\\\/real-estate\\\/\"]}]},{\"@type\":\"BreadcrumbList\",\"@id\":\"http:\\\/\\\/westhill.al\\\/sq\\\/real-estate\\\/#breadcrumb\",\"itemListElement\":[{\"@type\":\"ListItem\",\"position\":1,\"name\":\"Home\",\"item\":\"https:\\\/\\\/westhill.al\\\/\"},{\"@type\":\"ListItem\",\"position\":2,\"name\":\"Real Estate\"}]},{\"@type\":\"WebSite\",\"@id\":\"https:\\\/\\\/westhill.al\\\/#website\",\"url\":\"https:\\\/\\\/westhill.al\\\/\",\"name\":\"West Hill\",\"description\":\"\",\"publisher\":{\"@id\":\"https:\\\/\\\/westhill.al\\\/#organization\"},\"potentialAction\":[{\"@type\":\"SearchAction\",\"target\":{\"@type\":\"EntryPoint\",\"urlTemplate\":\"https:\\\/\\\/westhill.al\\\/?s={search_term_string}\"},\"query-input\":{\"@type\":\"PropertyValueSpecification\",\"valueRequired\":true,\"valueName\":\"search_term_string\"}}],\"inLanguage\":\"sq\"},{\"@type\":\"Organization\",\"@id\":\"https:\\\/\\\/westhill.al\\\/#organization\",\"name\":\"West Hill\",\"url\":\"https:\\\/\\\/westhill.al\\\/\",\"logo\":{\"@type\":\"ImageObject\",\"inLanguage\":\"sq\",\"@id\":\"https:\\\/\\\/westhill.al\\\/#\\\/schema\\\/logo\\\/image\\\/\",\"url\":\"https:\\\/\\\/westhill.al\\\/wp-content\\\/uploads\\\/2024\\\/09\\\/West-Hill-Instagram-post-1.png\",\"contentUrl\":\"https:\\\/\\\/westhill.al\\\/wp-content\\\/uploads\\\/2024\\\/09\\\/West-Hill-Instagram-post-1.png\",\"width\":1080,\"height\":1080,\"caption\":\"West Hill\"},\"image\":{\"@id\":\"https:\\\/\\\/westhill.al\\\/#\\\/schema\\\/logo\\\/image\\\/\"}}]}<\/script>\n<!-- \/ Yoast SEO plugin. -->","yoast_head_json":{"title":"Real Estate - West Hill","robots":{"index":"index","follow":"follow","max-snippet":"max-snippet:-1","max-image-preview":"max-image-preview:large","max-video-preview":"max-video-preview:-1"},"canonical":"http:\/\/westhill.al\/sq\/real-estate\/","og_locale":"sq_AL","og_type":"article","og_title":"Real Estate - West Hill","og_description":"Coming Soon More Information Will Be Announced Soon Follow Us on Instagram","og_url":"http:\/\/westhill.al\/sq\/real-estate\/","og_site_name":"West Hill","article_modified_time":"2024-11-05T15:04:48+00:00","twitter_card":"summary_large_image","twitter_misc":{"Est. reading time":"1 minut\u00eb"},"schema":{"@context":"https:\/\/schema.org","@graph":[{"@type":"WebPage","@id":"http:\/\/westhill.al\/sq\/real-estate\/","url":"http:\/\/westhill.al\/sq\/real-estate\/","name":"Real Estate - West Hill","isPartOf":{"@id":"https:\/\/westhill.al\/#website"},"datePublished":"2024-10-05T14:07:33+00:00","dateModified":"2024-11-05T15:04:48+00:00","breadcrumb":{"@id":"http:\/\/westhill.al\/sq\/real-estate\/#breadcrumb"},"inLanguage":"sq","potentialAction":[{"@type":"ReadAction","target":["http:\/\/westhill.al\/sq\/real-estate\/"]}]},{"@type":"BreadcrumbList","@id":"http:\/\/westhill.al\/sq\/real-estate\/#breadcrumb","itemListElement":[{"@type":"ListItem","position":1,"name":"Home","item":"https:\/\/westhill.al\/"},{"@type":"ListItem","position":2,"name":"Real Estate"}]},{"@type":"WebSite","@id":"https:\/\/westhill.al\/#website","url":"https:\/\/westhill.al\/","name":"West Hill","description":"","publisher":{"@id":"https:\/\/westhill.al\/#organization"},"potentialAction":[{"@type":"SearchAction","target":{"@type":"EntryPoint","urlTemplate":"https:\/\/westhill.al\/?s={search_term_string}"},"query-input":{"@type":"PropertyValueSpecification","valueRequired":true,"valueName":"search_term_string"}}],"inLanguage":"sq"},{"@type":"Organization","@id":"https:\/\/westhill.al\/#organization","name":"West Hill","url":"https:\/\/westhill.al\/","logo":{"@type":"ImageObject","inLanguage":"sq","@id":"https:\/\/westhill.al\/#\/schema\/logo\/image\/","url":"https:\/\/westhill.al\/wp-content\/uploads\/2024\/09\/West-Hill-Instagram-post-1.png","contentUrl":"https:\/\/westhill.al\/wp-content\/uploads\/2024\/09\/West-Hill-Instagram-post-1.png","width":1080,"height":1080,"caption":"West Hill"},"image":{"@id":"https:\/\/westhill.al\/#\/schema\/logo\/image\/"}}]}},"_links":{"self":[{"href":"https:\/\/westhill.al\/sq\/wp-json\/wp\/v2\/pages\/2462","targetHints":{"allow":["GET"]}}],"collection":[{"href":"https:\/\/westhill.al\/sq\/wp-json\/wp\/v2\/pages"}],"about":[{"href":"https:\/\/westhill.al\/sq\/wp-json\/wp\/v2\/types\/page"}],"author":[{"embeddable":true,"href":"https:\/\/westhill.al\/sq\/wp-json\/wp\/v2\/users\/1"}],"replies":[{"embeddable":true,"href":"https:\/\/westhill.al\/sq\/wp-json\/wp\/v2\/comments?post=2462"}],"version-history":[{"count":6,"href":"https:\/\/westhill.al\/sq\/wp-json\/wp\/v2\/pages\/2462\/revisions"}],"predecessor-version":[{"id":2610,"href":"https:\/\/westhill.al\/sq\/wp-json\/wp\/v2\/pages\/2462\/revisions\/2610"}],"wp:attachment":[{"href":"https:\/\/westhill.al\/sq\/wp-json\/wp\/v2\/media?parent=2462"}],"curies":[{"name":"wp","href":"https:\/\/api.w.org\/{rel}","templated":true}]}}